{"id":221,"date":"2022-05-11T18:10:47","date_gmt":"2022-05-11T18:10:47","guid":{"rendered":"https:\/\/copabluehotel.com.br\/?page_id=221"},"modified":"2023-09-14T22:41:20","modified_gmt":"2023-09-14T22:41:20","slug":"reservas","status":"publish","type":"page","link":"https:\/\/copabluehotel.com.br\/index.php\/reservas\/","title":{"rendered":"Reservas"},"content":{"rendered":"\n<p><strong>Fa\u00e7a sua reserva atrav\u00e9s do formul\u00e1rio abaixo ou entre em contato:<\/strong><\/p>\n\n\n\n<p>Telefone: (21) 2548-0509 \/  WhatsApp: (21) 9 9586-3635<\/p>\n\n\n\n<p>E-mail: reserva@copabluehotel.com.br<\/p>\n\n\n\n<div class=\"wp-block-contact-form-7-contact-form-selector\"><div role=\"form\" class=\"wpcf7\" id=\"wpcf7-f121-o1\" lang=\"pt-BR\" dir=\"ltr\">\n<div class=\"screen-reader-response\"><p role=\"status\" aria-live=\"polite\" aria-atomic=\"true\"><\/p> <ul><\/ul><\/div>\n<form action=\"\/index.php\/wp-json\/wp\/v2\/pages\/221#wpcf7-f121-o1\" method=\"post\" class=\"wpcf7-form init\" novalidate=\"novalidate\" data-status=\"init\">\n<div style=\"display: none;\">\n<input type=\"hidden\" name=\"_wpcf7\" value=\"121\" \/>\n<input type=\"hidden\" name=\"_wpcf7_version\" value=\"5.5.6\" \/>\n<input type=\"hidden\" name=\"_wpcf7_locale\" value=\"pt_BR\" \/>\n<input type=\"hidden\" name=\"_wpcf7_unit_tag\" value=\"wpcf7-f121-o1\" \/>\n<input type=\"hidden\" name=\"_wpcf7_container_post\" value=\"0\" \/>\n<input type=\"hidden\" name=\"_wpcf7_posted_data_hash\" value=\"\" \/>\n<\/div>\n<p><label> Seu nome<br \/>\n    <span class=\"wpcf7-form-control-wrap your-name\"><input type=\"text\" name=\"your-name\" value=\"\" size=\"40\" class=\"wpcf7-form-control wpcf7-text wpcf7-validates-as-required\" aria-required=\"true\" aria-invalid=\"false\" \/><\/span> <\/label><\/p>\n<p><label> Seu e-mail<br \/>\n    <span class=\"wpcf7-form-control-wrap your-email\"><input type=\"email\" name=\"your-email\" value=\"\" size=\"40\" class=\"wpcf7-form-control wpcf7-text wpcf7-email wpcf7-validates-as-required wpcf7-validates-as-email\" aria-required=\"true\" aria-invalid=\"false\" \/><\/span> <\/label><\/p>\n<p><label> Assunto<br \/>\n    <span class=\"wpcf7-form-control-wrap your-subject\"><input type=\"text\" name=\"your-subject\" value=\"\" size=\"40\" class=\"wpcf7-form-control wpcf7-text wpcf7-validates-as-required\" aria-required=\"true\" aria-invalid=\"false\" \/><\/span> <\/label><\/p>\n<p><label> Sua Mensagem (Opcional)<br \/>\n<span class=\"wpcf7-form-control-wrap SuaMensagem\"><textarea name=\"SuaMensagem\" cols=\"40\" rows=\"10\" class=\"wpcf7-form-control wpcf7-textarea\" aria-invalid=\"false\"><\/textarea><\/span> <\/label><\/p>\n<p><label> Cumpom de desconto(opcional)<br \/>\n    <span class=\"wpcf7-form-control-wrap your-message\"><input type=\"text\" name=\"your-message\" value=\"\" size=\"40\" class=\"wpcf7-form-control wpcf7-text\" aria-invalid=\"false\" \/><\/span> <\/label><\/p>\n<p><input type=\"submit\" value=\"Enviar\" class=\"wpcf7-form-control has-spinner wpcf7-submit\" \/><\/p>\n<div class=\"wpcf7-response-output\" aria-hidden=\"true\"><\/div><\/form><\/div><\/div>\n\n\n\n<p class=\"has-text-align-center\"><em><a rel=\"noreferrer noopener\" href=\"https:\/\/www.youtube.com\/channel\/UCv6bYr0mwV9C-AN5LT1FCKw\" target=\"_blank\"><\/a><\/em><\/p>\n\n\n\n<p class=\"has-text-align-center\">Siga-nos tamb\u00e9m em nossas redes sociais!<\/p>\n\n\n\n<p class=\"has-text-align-center\"><a href=\"https:\/\/www.instagram.com\/copacabanabluehotel\/\"><img loading=\"lazy\" decoding=\"async\" width=\"40\" height=\"40\" class=\"wp-image-476\" style=\"width: 40px;\" src=\"https:\/\/copabluehotel.com.br\/wp-content\/uploads\/2022\/06\/instagram-icone-novo_1057-2227-1.webp\" alt=\"\" srcset=\"https:\/\/copabluehotel.com.br\/wp-content\/uploads\/2022\/06\/instagram-icone-novo_1057-2227-1.webp 626w, https:\/\/copabluehotel.com.br\/wp-content\/uploads\/2022\/06\/instagram-icone-novo_1057-2227-1-300x300.webp 300w, https:\/\/copabluehotel.com.br\/wp-content\/uploads\/2022\/06\/instagram-icone-novo_1057-2227-1-150x150.webp 150w\" sizes=\"auto, (max-width: 40px) 100vw, 40px\" \/><\/a>@copabluehotel             <a href=\"https:\/\/www.youtube.com\/channel\/UCv6bYr0mwV9C-AN5LT1FCKw\"><img loading=\"lazy\" decoding=\"async\" width=\"40\" height=\"40\" class=\"wp-image-475\" style=\"width: 40px;\" src=\"https:\/\/copabluehotel.com.br\/wp-content\/uploads\/2022\/06\/1384060-2.png\" alt=\"\" srcset=\"https:\/\/copabluehotel.com.br\/wp-content\/uploads\/2022\/06\/1384060-2.png 512w, https:\/\/copabluehotel.com.br\/wp-content\/uploads\/2022\/06\/1384060-2-300x300.png 300w, https:\/\/copabluehotel.com.br\/wp-content\/uploads\/2022\/06\/1384060-2-150x150.png 150w\" sizes=\"auto, (max-width: 40px) 100vw, 40px\" \/><\/a> Copacabana Blue Hotel<\/p>\n\n\n\n<p><\/p>\n\n\n\n<figure class=\"wp-block-image size-large\"><img loading=\"lazy\" decoding=\"async\" width=\"1024\" height=\"171\" src=\"https:\/\/copabluehotel.com.br\/wp-content\/uploads\/2022\/06\/ACOMODACOES-40-\u00d7-10-cm-30-\u00d7-10-cm-30-\u00d7-5-cm-1024x171.png\" alt=\"\" class=\"wp-image-447\" srcset=\"https:\/\/copabluehotel.com.br\/wp-content\/uploads\/2022\/06\/ACOMODACOES-40-\u00d7-10-cm-30-\u00d7-10-cm-30-\u00d7-5-cm-1024x171.png 1024w, https:\/\/copabluehotel.com.br\/wp-content\/uploads\/2022\/06\/ACOMODACOES-40-\u00d7-10-cm-30-\u00d7-10-cm-30-\u00d7-5-cm-300x50.png 300w, https:\/\/copabluehotel.com.br\/wp-content\/uploads\/2022\/06\/ACOMODACOES-40-\u00d7-10-cm-30-\u00d7-10-cm-30-\u00d7-5-cm-768x128.png 768w, https:\/\/copabluehotel.com.br\/wp-content\/uploads\/2022\/06\/ACOMODACOES-40-\u00d7-10-cm-30-\u00d7-10-cm-30-\u00d7-5-cm-1536x256.png 1536w, https:\/\/copabluehotel.com.br\/wp-content\/uploads\/2022\/06\/ACOMODACOES-40-\u00d7-10-cm-30-\u00d7-10-cm-30-\u00d7-5-cm.png 1998w\" sizes=\"auto, (max-width: 1024px) 100vw, 1024px\" \/><\/figure>\n","protected":false},"excerpt":{"rendered":"<p>Fa\u00e7a sua reserva atrav\u00e9s do formul\u00e1rio abaixo ou entre em contato: Telefone: (21) 2548-0509 \/ &#8230; <\/p>\n<div class=\"text-center\"><a class=\"theme-btn\" href=\"https:\/\/copabluehotel.com.br\/index.php\/reservas\/\">Read More<\/a><\/div>\n","protected":false},"author":2,"featured_media":293,"parent":0,"menu_order":0,"comment_status":"closed","ping_status":"closed","template":"","meta":{"footnotes":""},"class_list":["post-221","page","type-page","status-publish","has-post-thumbnail","hentry"],"_links":{"self":[{"href":"https:\/\/copabluehotel.com.br\/index.php\/wp-json\/wp\/v2\/pages\/221","targetHints":{"allow":["GET"]}}],"collection":[{"href":"https:\/\/copabluehotel.com.br\/index.php\/wp-json\/wp\/v2\/pages"}],"about":[{"href":"https:\/\/copabluehotel.com.br\/index.php\/wp-json\/wp\/v2\/types\/page"}],"author":[{"embeddable":true,"href":"https:\/\/copabluehotel.com.br\/index.php\/wp-json\/wp\/v2\/users\/2"}],"replies":[{"embeddable":true,"href":"https:\/\/copabluehotel.com.br\/index.php\/wp-json\/wp\/v2\/comments?post=221"}],"version-history":[{"count":16,"href":"https:\/\/copabluehotel.com.br\/index.php\/wp-json\/wp\/v2\/pages\/221\/revisions"}],"predecessor-version":[{"id":996,"href":"https:\/\/copabluehotel.com.br\/index.php\/wp-json\/wp\/v2\/pages\/221\/revisions\/996"}],"wp:featuredmedia":[{"embeddable":true,"href":"https:\/\/copabluehotel.com.br\/index.php\/wp-json\/wp\/v2\/media\/293"}],"wp:attachment":[{"href":"https:\/\/copabluehotel.com.br\/index.php\/wp-json\/wp\/v2\/media?parent=221"}],"curies":[{"name":"wp","href":"https:\/\/api.w.org\/{rel}","templated":true}]}}